{"id":29,"date":"2016-08-01T07:34:05","date_gmt":"2016-08-01T07:34:05","guid":{"rendered":"http:\/\/floressilvia.es\/?page_id=29"},"modified":"2016-08-01T07:34:24","modified_gmt":"2016-08-01T07:34:24","slug":"quienes-somos","status":"publish","type":"page","link":"https:\/\/floressilvia.es\/index.php\/quienes-somos\/","title":{"rendered":"Qui\u00e9nes Somos"},"content":{"rendered":"<div id=\"themify_builder_content-29\" data-postid=\"29\" class=\"themify_builder_content themify_builder_content-29 themify_builder themify_builder_front\">\n\n\t\n                <!-- module_row -->\n                <div data-gutter=\"gutter-default\" class=\"themify_builder_row themify_builder_29_row module_row module_row_0 clearfix gutter-default\"                      data-equal-column-height=\"\">\n\n                    \n                    \n                    <div class=\"row_inner_wrapper\">\n                        <div class=\"row_inner\">\n\n                            \n                            \n                                \n                                        <div class=\"col-full first tb-column  tb_29_column module_column_0 module_column\" >\n\n                                            \n                                            \n                                            <div class=\"tb-column-inner\">\n\n                                                \n                                                \n                                                    \n    <!-- module divider -->\n    <div id=\"divider-29-0-0-1\" class=\"module module-divider divider-29-0-0-1 solid \" style=\"border-width: 5px;border-color: rgba(129,172,0, 1);\">\n            <\/div>\n    <!-- \/module divider -->\n\n\n                                                    <\/div>\n                                                    <!-- \/.tb-column-inner -->\n                                                                                                <\/div>\n                                            <!-- \/.tb-column -->\n                                        \n                                    \n                                    \n                                \n                            <\/div>\n                            <!-- \/row_inner -->\n                        <\/div>\n                        <!-- \/row_inner_wrapper -->\n                    <\/div>\n                    <!-- \/module_row -->\n                    \n\n                <!-- module_row -->\n                <div data-gutter=\"gutter-default\" class=\"themify_builder_row themify_builder_29_row module_row module_row_1 clearfix gutter-default\"                      data-equal-column-height=\"\">\n\n                    \n                    \n                    <div class=\"row_inner_wrapper\">\n                        <div class=\"row_inner\">\n\n                            \n                            \n                                \n                                        <div class=\"col4-3 first tb-column  tb_29_column module_column_0 module_column\" >\n\n                                            \n                                            \n                                            <div class=\"tb-column-inner\">\n\n                                                \n                                                \n                                                    \n\t<!-- module image -->\n\t<div id=\"image-29-1-0-1\" class=\"module module-image image-29-1-0-1   image-top  \">\n\n\t\t\n\t\t\n\t\t<div class=\"image-wrap\">\n\t\t\t\t\t\t\t<img loading=\"lazy\" decoding=\"async\" width=\"889\" height=\"293\" src=\"https:\/\/floressilvia.es\/wp-content\/uploads\/2016\/08\/home_banner.jpg\" class=\" wp-image-32\" alt=\"Qui\u00e9nes Somos\" srcset=\"https:\/\/floressilvia.es\/wp-content\/uploads\/2016\/08\/home_banner.jpg 889w, https:\/\/floressilvia.es\/wp-content\/uploads\/2016\/08\/home_banner-300x99.jpg 300w, https:\/\/floressilvia.es\/wp-content\/uploads\/2016\/08\/home_banner-768x253.jpg 768w\" sizes=\"auto, (max-width: 889px) 100vw, 889px\" \/>\t\t\t\n\t\t\t\t\t\t<\/div>\n\t\t\t<!-- \/image-wrap -->\n\t\t\n\t\t\n\t\t\n\t\t<\/div>\n\t<!-- \/module image -->\n\n\n<!-- module text -->\n<div id=\"text-29-1-0-2\" class=\"module module-text text-29-1-0-2   \">\n\t\n\t\n\t<h3 style=\"text-align: center;\">\u00a0<\/h3><h3 style=\"text-align: center;\"><strong><em>\u00a0Bienvenido a florister\u00eda Flores Silvia Viveros y Cultivos propios.<\/em><\/strong><\/h3><h6 style=\"text-align: justify;\">Nos complace ofrecerles nuestro servicio especializado en el que resolvemos todas sus necesidades florales. Desde nuestra p\u00e1gina Web puede realizar pedidos, solicitar informaci\u00f3n, resolver cualquier duda que tenga&#8230; de una forma sencilla, r\u00e1pida y segura.<\/h6><h6 style=\"text-align: justify;\">Encontrar\u00e1 una gran selecci\u00f3n de flores, plantas, complementos&#8230; todo lo relacionado con el mundo de las flores y las plantas.<\/h6><h6 style=\"text-align: justify;\">En Flores Silvia, nos esforzamos para que cada evento sea \u00fanico y memorable.<\/h6><h6 style=\"text-align: justify;\">Para hacerlo, nos fijamos en las necesidades de cada proyecto y ajustamos el estilo floral y el presupuesto de cada cliente y seg\u00fan cada ocasi\u00f3n. Desde el primer boceto hasta la instalaci\u00f3n final, nos ocupamos de cada detalle para que las flores sean un \u00e9xito. Creamos ambientes y sensaciones a trav\u00e9s de colores, formas, texturas y aromas.<\/h6><h6 style=\"text-align: justify;\">Si lo prefiere, tambi\u00e9n puede ponerse en contacto con nosotros a trav\u00e9s de nuestra secci\u00f3n web dedicada a ello.<\/h6>\n\t<\/div>\n<!-- \/module text -->\n\n                                                    <\/div>\n                                                    <!-- \/.tb-column-inner -->\n                                                                                                <\/div>\n                                            <!-- \/.tb-column -->\n                                        \n                                        <div class=\"col4-1 last tb-column  tb_29_column module_column_1 module_column\" >\n\n                                            \n                                            \n                                            <div class=\"tb-column-inner\">\n\n                                                \n                                                \n                                                    \n\n    <!-- module widget -->\n    <div id=\"widget-29-1-1-1\" class=\"module module-widget widget-29-1-1-1   \">\n            <\/div>\n    <!-- \/module widget -->\n\n\n                                                    <\/div>\n                                                    <!-- \/.tb-column-inner -->\n                                                                                                <\/div>\n                                            <!-- \/.tb-column -->\n                                        \n                                    \n                                    \n                                \n                            <\/div>\n                            <!-- \/row_inner -->\n                        <\/div>\n                        <!-- \/row_inner_wrapper -->\n                    <\/div>\n                    <!-- \/module_row -->\n                    \n<\/div>\n<!-- \/themify_builder_content -->","protected":false},"excerpt":{"rendered":"<p>\u00a0\u00a0Bienvenido a florister\u00eda Flores Silvia Viveros y Cultivos propios.Nos complace ofrecerles nuestro servicio especializado en el que resolvemos todas sus necesidades florales. Desde nuestra p\u00e1gina Web puede realizar pedidos, solicitar informaci\u00f3n, resolver cualquier duda que tenga&#8230; de una forma sencilla, r\u00e1pida y segura.Encontrar\u00e1 una gran selecci\u00f3n de flores, plantas, complementos&#8230; todo lo relacionado con el [&hellip;]<\/p>\n","protected":false},"author":1,"featured_media":0,"parent":0,"menu_order":0,"comment_status":"closed","ping_status":"closed","template":"","meta":{"footnotes":""},"class_list":["post-29","page","type-page","status-publish","hentry","has-post-title","has-post-date","has-post-category","has-post-tag","has-post-comment","has-post-author"],"_links":{"self":[{"href":"https:\/\/floressilvia.es\/index.php\/wp-json\/wp\/v2\/pages\/29","targetHints":{"allow":["GET"]}}],"collection":[{"href":"https:\/\/floressilvia.es\/index.php\/wp-json\/wp\/v2\/pages"}],"about":[{"href":"https:\/\/floressilvia.es\/index.php\/wp-json\/wp\/v2\/types\/page"}],"author":[{"embeddable":true,"href":"https:\/\/floressilvia.es\/index.php\/wp-json\/wp\/v2\/users\/1"}],"replies":[{"embeddable":true,"href":"https:\/\/floressilvia.es\/index.php\/wp-json\/wp\/v2\/comments?post=29"}],"version-history":[{"count":2,"href":"https:\/\/floressilvia.es\/index.php\/wp-json\/wp\/v2\/pages\/29\/revisions"}],"predecessor-version":[{"id":31,"href":"https:\/\/floressilvia.es\/index.php\/wp-json\/wp\/v2\/pages\/29\/revisions\/31"}],"wp:attachment":[{"href":"https:\/\/floressilvia.es\/index.php\/wp-json\/wp\/v2\/media?parent=29"}],"curies":[{"name":"wp","href":"https:\/\/api.w.org\/{rel}","templated":true}]}}