{"id":36,"date":"2016-08-01T08:43:22","date_gmt":"2016-08-01T08:43:22","guid":{"rendered":"http:\/\/floressilvia.es\/?page_id=36"},"modified":"2016-08-01T08:43:22","modified_gmt":"2016-08-01T08:43:22","slug":"contacto","status":"publish","type":"page","link":"https:\/\/floressilvia.es\/index.php\/contacto\/","title":{"rendered":"Contacto"},"content":{"rendered":"<div id=\"themify_builder_content-36\" data-postid=\"36\" class=\"themify_builder_content themify_builder_content-36 themify_builder themify_builder_front\">\n\n\t\n                <!-- module_row -->\n                <div data-gutter=\"gutter-default\" class=\"themify_builder_row themify_builder_36_row module_row module_row_0 clearfix gutter-default\"                      data-equal-column-height=\"\">\n\n                    \n                    \n                    <div class=\"row_inner_wrapper\">\n                        <div class=\"row_inner\">\n\n                            \n                            \n                                \n                                        <div class=\"col-full first tb-column  tb_36_column module_column_0 module_column\" >\n\n                                            \n                                            \n                                            <div class=\"tb-column-inner\">\n\n                                                \n                                                \n                                                    \n    <!-- module divider -->\n    <div id=\"divider-36-0-0-1\" class=\"module module-divider divider-36-0-0-1 solid \" style=\"border-width: 5px;border-color: rgba(91,121,0, 1);\">\n            <\/div>\n    <!-- \/module divider -->\n\n\n                                                    <\/div>\n                                                    <!-- \/.tb-column-inner -->\n                                                                                                <\/div>\n                                            <!-- \/.tb-column -->\n                                        \n                                    \n                                    \n                                \n                            <\/div>\n                            <!-- \/row_inner -->\n                        <\/div>\n                        <!-- \/row_inner_wrapper -->\n                    <\/div>\n                    <!-- \/module_row -->\n                    \n\n                <!-- module_row -->\n                <div data-gutter=\"gutter-default\" class=\"themify_builder_row themify_builder_36_row module_row module_row_1 clearfix gutter-default\"                      data-equal-column-height=\"\">\n\n                    \n                    \n                    <div class=\"row_inner_wrapper\">\n                        <div class=\"row_inner\">\n\n                            \n                            \n                                \n                                        <div class=\"col4-2 first tb-column  tb_36_column module_column_0 module_column\" >\n\n                                            \n                                            \n                                            <div class=\"tb-column-inner\">\n\n                                                \n                                                \n                                                    \n<!-- module text -->\n<div id=\"text-36-1-0-1\" class=\"module module-text text-36-1-0-1   \">\n\t\n\t\n\t<h5>M\u00f3vil : 608570924<\/h5><h5>Tel\u00e9fono: 941144004<\/h5><h5>Direcci\u00f3n : San Roque, 3<\/h5><h5>C\u00f3digo Postal : 26559<\/h5><h5>Localidad : Aldeanueva de Ebro<\/h5><h5>Provincia : La Rioja<\/h5><p><img loading=\"lazy\" decoding=\"async\" class=\"alignnone  wp-image-164\" src=\"https:\/\/floressilvia.es\/wp-content\/uploads\/2016\/08\/emails.png\" alt=\"\" width=\"214\" height=\"25\" \/>\u00a0<\/p>\n\t<\/div>\n<!-- \/module text -->\n\n                                                    <\/div>\n                                                    <!-- \/.tb-column-inner -->\n                                                                                                <\/div>\n                                            <!-- \/.tb-column -->\n                                        \n                                        <div class=\"col4-2 last tb-column  tb_36_column module_column_1 module_column\" >\n\n                                            \n                                            \n                                            <div class=\"tb-column-inner\">\n\n                                                \n                                                \n                                                    \n<!-- module maps pro -->\n<div id=\"maps-pro-36-1-1-1\" class=\"module module-maps-pro maps-pro-36-1-1-1  \" data-config='{&quot;zoom&quot;:&quot;16&quot;,&quot;type&quot;:&quot;ROADMAP&quot;,&quot;address&quot;:&quot;Aldeanueva de Ebro San Roque 3&quot;,&quot;width&quot;:&quot;100&quot;,&quot;height&quot;:&quot;500&quot;,&quot;style_map&quot;:&quot;&quot;,&quot;scrollwheel&quot;:&quot;disable&quot;,&quot;draggable&quot;:&quot;enable&quot;,&quot;disable_map_ui&quot;:&quot;no&quot;}'>\n\t\n\t\n\t\n\t\n\t\t<div class=\"maps-pro-canvas-container\">\n\t\t\t<div class=\"maps-pro-canvas map-container\" style=\"width: 100%%; height: 500px;\">\n\t\t\t<\/div>\n\t\t<\/div>\n\n\t\t<div class=\"maps-pro-markers\" style=\"display: none;\">\n\n\t\t\t\t\t\t\t<div class=\"maps-pro-marker\" data-address=\"Aldeanueva de Ebro San Roque 3\" data-image=\"\">\n\t\t\t\t\tFlores Silvia\t\t\t\t<\/div>\n\t\t\t\t\t<\/div>\n\n\t\n\t<\/div>\n<!-- \/module maps pro -->\n\n                                                    <\/div>\n                                                    <!-- \/.tb-column-inner -->\n                                                                                                <\/div>\n                                            <!-- \/.tb-column -->\n                                        \n                                    \n                                    \n                                \n                            <\/div>\n                            <!-- \/row_inner -->\n                        <\/div>\n                        <!-- \/row_inner_wrapper -->\n                    <\/div>\n                    <!-- \/module_row -->\n                    \n<\/div>\n<!-- \/themify_builder_content -->","protected":false},"excerpt":{"rendered":"<p>M\u00f3vil : 608570924Tel\u00e9fono: 941144004Direcci\u00f3n : San Roque, 3C\u00f3digo Postal : 26559Localidad : Aldeanueva de EbroProvincia : La Rioja\u00a0<\/p>\n","protected":false},"author":1,"featured_media":0,"parent":0,"menu_order":0,"comment_status":"closed","ping_status":"closed","template":"","meta":{"footnotes":""},"class_list":["post-36","page","type-page","status-publish","hentry","has-post-title","has-post-date","has-post-category","has-post-tag","has-post-comment","has-post-author"],"_links":{"self":[{"href":"https:\/\/floressilvia.es\/index.php\/wp-json\/wp\/v2\/pages\/36","targetHints":{"allow":["GET"]}}],"collection":[{"href":"https:\/\/floressilvia.es\/index.php\/wp-json\/wp\/v2\/pages"}],"about":[{"href":"https:\/\/floressilvia.es\/index.php\/wp-json\/wp\/v2\/types\/page"}],"author":[{"embeddable":true,"href":"https:\/\/floressilvia.es\/index.php\/wp-json\/wp\/v2\/users\/1"}],"replies":[{"embeddable":true,"href":"https:\/\/floressilvia.es\/index.php\/wp-json\/wp\/v2\/comments?post=36"}],"version-history":[{"count":1,"href":"https:\/\/floressilvia.es\/index.php\/wp-json\/wp\/v2\/pages\/36\/revisions"}],"predecessor-version":[{"id":37,"href":"https:\/\/floressilvia.es\/index.php\/wp-json\/wp\/v2\/pages\/36\/revisions\/37"}],"wp:attachment":[{"href":"https:\/\/floressilvia.es\/index.php\/wp-json\/wp\/v2\/media?parent=36"}],"curies":[{"name":"wp","href":"https:\/\/api.w.org\/{rel}","templated":true}]}}